{"id":80,"date":"2020-08-20T21:32:48","date_gmt":"2020-08-20T19:32:48","guid":{"rendered":"http:\/\/mediaking.madeindortmund.com\/?page_id=80"},"modified":"2020-08-21T15:48:11","modified_gmt":"2020-08-21T13:48:11","slug":"widerruf","status":"publish","type":"page","link":"https:\/\/mediaking24.de\/it\/home\/widerruf\/","title":{"rendered":"Politica di cancellazione e modulo di cancellazione"},"content":{"rendered":"<p><img width=\"245\" height=\"180\" src=\"http:\/\/mediaking.madeindortmund.com\/wp-content\/uploads\/2020\/08\/logo.bmp\" alt=\"Mediaking Logo\" loading=\"lazy\" \/>\t\t\t\t\t\t\t\t\t\t\t<\/p>\n<h1>Mediaking<\/h1>\n<h2>Il tuo specialista per l&#8217;elettronica di intrattenimento<\/h2>\n<h2>Politica di cancellazione e modulo di cancellazione<\/h2>\n<p>I consumatori hanno diritto a un diritto di recesso in conformit\u00e0 con le seguenti disposizioni, in base al quale un consumatore \u00e8 qualsiasi persona fisica che conclude un negozio giuridico per scopi che non sono prevalentemente n\u00e9 commerciali n\u00e9 autonomi:<\/p>\n<h2>A. Politica di cancellazione<\/h2>\n<h3>Diritto di recesso<\/h3>\n<p>Hai il diritto di recedere dal contratto entro quattordici giorni senza fornire alcuna motivazione.<\/p>\n<p>Il periodo di annullamento \u00e8 di quattordici giorni dal giorno in cui tu o un terzo da te nominato che non \u00e8 il vettore ha preso possesso dell&#8217;ultima merce.<\/p>\n<p>Nonostante ci\u00f2, il periodo di recesso nel caso di un contratto per la consegna regolare di merci per un periodo determinato \u00e8 di quattordici giorni dal giorno in cui tu o un terzo da te nominato, che non \u00e8 il corriere, hai preso possesso della prima merce. Ha.<\/p>\n<p>Per esercitare il diritto di recesso, \u00e8 necessario informarci (Mediaking GmbH, Rauher Kamp 24, 44339 Dortmund, Germania, Tel.: 0231 720959-10, E-Mail: info@mediaking-gmbh.de) mediante una dichiarazione chiara (ad es. una lettera o e-mail inviata per posta) della tua decisione di recedere dal presente contratto.\u00a0A tal fine \u00e8 possibile utilizzare il modulo di recesso modello allegato, ma non \u00e8 obbligatorio.<\/p>\n<p>Per rispettare il termine di annullamento, \u00e8 sufficiente inviare la notifica di esercizio del diritto di recesso prima della scadenza del periodo di recesso.<\/p>\n<h3>Conseguenze del recesso<\/h3>\n<p>Se recedi dal presente contratto, ti avremo dato tutti i pagamenti che abbiamo ricevuto da te, inclusi i costi di consegna (ad eccezione dei costi aggiuntivi che derivano dalla scelta di un diverso tipo di consegna rispetto alla consegna standard pi\u00f9 economica da noi offerta have), da rimborsare immediatamente e al pi\u00f9 tardi entro quattordici giorni dal giorno in cui abbiamo ricevuto la notifica della tua risoluzione del presente contratto. Per questo rimborso utilizziamo lo stesso mezzo di pagamento che hai utilizzato per la transazione originale, a meno che qualcos&#8217;altro non sia stato espressamente concordato con te; In nessun caso ti verranno addebitate commissioni per questo rimborso. Possiamo rifiutare il rimborso fino a quando non avremo ricevuto la merce o fino a quando non avrai fornito la prova chedi aver restituito la merce, se precedente.<\/p>\n<p>Devi restituirci o consegnarci la merce immediatamente e comunque non oltre quattordici giorni dal giorno in cui ci hai informato della risoluzione del presente contratto.\u00a0Il termine \u00e8 rispettato se Lei spedisce la merce prima della scadenza del periodo di quattordici giorni.<\/p>\n<p>Sostieni i costi diretti della restituzione della merce.<\/p>\n<p>Devi pagare per qualsiasi perdita di valore della merce solo se questa perdita di valore \u00e8 dovuta a una manipolazione della merce che non \u00e8 necessaria per verificare la natura, le propriet\u00e0 e la funzionalit\u00e0 delle merci.<\/p>\n<h3>Esclusione o scadenza anticipata del diritto di recesso<\/h3>\n<p>Il diritto di recesso non si applica ai contratti di fornitura di beni non prefabbricati e per la cui fabbricazione \u00e8 determinante una selezione o determinazione individuale da parte del consumatore o che sono chiaramente adattati alle esigenze personali del consumatore.<\/p>\n<p>Il diritto di recesso scade anticipatamente in caso di contratti per la consegna di registrazioni audio o video o di software per computer in una confezione sigillata se il sigillo \u00e8 stato rimosso dopo la consegna.<\/p>\n<h3>Informazione Generale<\/h3>\n<p>1) Si prega di evitare di danneggiare e contaminare la merce.\u00a0Si prega di rispedirci la merce nella sua confezione originale con tutti gli accessori e tutti i componenti dell&#8217;imballaggio.\u00a0Se necessario, utilizzare un imballaggio esterno protettivo.\u00a0Se non si dispone pi\u00f9 dell&#8217;imballo originale, utilizzare un imballaggio adeguato per fornire un&#8217;adeguata protezione contro i danni da trasporto.<br \/>2) Si prega di non rispedirci la merce in porto assegnato.<br \/>3) Si precisa che i citati numeri 1-2 non costituiscono presupposto per l&#8217;effettivo esercizio del diritto di recesso.<\/p>\n<h2>B. modulo di recesso<\/h2>\n<p>Se desideri annullare il contratto, compila questo modulo e rispediscilo.<\/p>\n<p>Sopra<\/p>\n<p>Mediaking GmbH<br \/>Rauher Kamp 24<\/p>\n<p>D-44339 Dortmund<\/p>\n<p>Telefono: 0231 720959-10<br \/>Fax: 0231 720959-19<\/p>\n<p>E-mail:\u00a0\u00a0<a href=\"mailto:info@mediaking-gmbh.de\">info@mediaking-gmbh.de<\/a><\/p>\n<p>Con la presente io \/ noi (*) revoco il contratto da me \/ noi (*) concluso per l&#8217;acquisto dei seguenti beni (*) \/ la fornitura del seguente servizio (*)<\/p>\n<p>_______________________________________________________<\/p>\n<p>_______________________________________________________<\/p>\n<p>Ordinato il (*) ____________ \/ ricevuto il (*) __________________<\/p>\n<p>________________________________________________________<br \/>Nome del \/ i consumatore \/ i<\/p>\n<p>________________________________________________________<br \/>Indirizzo del \/ dei consumatore \/ i<\/p>\n<p>________________________________________________________<br \/>Firma del \/ i consumatore \/ i (solo se notificato su supporto cartaceo)<\/p>\n<p>_________________________<br \/>data<\/p>\n<p>(*) Elimina dove inapplicabile<\/p>\n<p>\u00a92020 Mediaking GmbH<\/p>\n","protected":false},"excerpt":{"rendered":"<p>Mediaking Il tuo specialista per l&#8217;elettronica di intrattenimento Politica di cancellazione e modulo di cancellazione I consumatori hanno diritto a un diritto di recesso in conformit\u00e0 con le seguenti disposizioni, in base al quale un consumatore \u00e8 qualsiasi persona fisica che conclude un negozio giuridico per scopi che non sono prevalentemente n\u00e9 commerciali n\u00e9 autonomi: &#8230; <a title=\"Politica di cancellazione e modulo di cancellazione\" class=\"read-more\" href=\"https:\/\/mediaking24.de\/it\/home\/widerruf\/\">Leggi tutto <span class=\"screen-reader-text\">Politica di cancellazione e modulo di cancellazione<\/span><\/a><\/p>\n","protected":false},"author":1,"featured_media":0,"parent":2,"menu_order":0,"comment_status":"closed","ping_status":"closed","template":"elementor_canvas","meta":[],"_links":{"self":[{"href":"https:\/\/mediaking24.de\/it\/wp-json\/wp\/v2\/pages\/80"}],"collection":[{"href":"https:\/\/mediaking24.de\/it\/wp-json\/wp\/v2\/pages"}],"about":[{"href":"https:\/\/mediaking24.de\/it\/wp-json\/wp\/v2\/types\/page"}],"author":[{"embeddable":true,"href":"https:\/\/mediaking24.de\/it\/wp-json\/wp\/v2\/users\/1"}],"replies":[{"embeddable":true,"href":"https:\/\/mediaking24.de\/it\/wp-json\/wp\/v2\/comments?post=80"}],"version-history":[{"count":10,"href":"https:\/\/mediaking24.de\/it\/wp-json\/wp\/v2\/pages\/80\/revisions"}],"predecessor-version":[{"id":252,"href":"https:\/\/mediaking24.de\/it\/wp-json\/wp\/v2\/pages\/80\/revisions\/252"}],"up":[{"embeddable":true,"href":"https:\/\/mediaking24.de\/it\/wp-json\/wp\/v2\/pages\/2"}],"wp:attachment":[{"href":"https:\/\/mediaking24.de\/it\/wp-json\/wp\/v2\/media?parent=80"}],"curies":[{"name":"wp","href":"https:\/\/api.w.org\/{rel}","templated":true}]}}